{"id":3583,"date":"2025-05-20T05:35:51","date_gmt":"2025-05-20T05:35:51","guid":{"rendered":"https:\/\/panamerican.arnom.com.mx\/?page_id=3583"},"modified":"2025-10-25T04:24:01","modified_gmt":"2025-10-25T04:24:01","slug":"aviso-de-privacidad","status":"publish","type":"page","link":"https:\/\/hotelpanamerican.mx\/es\/aviso-de-privacidad\/","title":{"rendered":"Aviso de Privacidad"},"content":{"rendered":"<p>[et_pb_section fb_built=&#8221;1&#8243; _builder_version=&#8221;4.27.4&#8243; _module_preset=&#8221;default&#8221; da_disable_devices=&#8221;off|off|off&#8221; global_colors_info=&#8221;{}&#8221; da_is_popup=&#8221;off&#8221; da_exit_intent=&#8221;off&#8221; da_has_close=&#8221;on&#8221; da_alt_close=&#8221;off&#8221; da_dark_close=&#8221;off&#8221; da_not_modal=&#8221;on&#8221; da_is_singular=&#8221;off&#8221; da_with_loader=&#8221;off&#8221; da_has_shadow=&#8221;on&#8221;][et_pb_row _builder_version=&#8221;4.27.4&#8243; _module_preset=&#8221;default&#8221; global_colors_info=&#8221;{}&#8221;][et_pb_column type=&#8221;4_4&#8243; _builder_version=&#8221;4.27.4&#8243; _module_preset=&#8221;default&#8221; global_colors_info=&#8221;{}&#8221;][et_pb_heading title=&#8221;Aviso de Privacidad&#8221; _builder_version=&#8221;4.27.4&#8243; _module_preset=&#8221;default&#8221; title_font=&#8221;Poppins|700|||||||&#8221; global_colors_info=&#8221;{}&#8221;][\/et_pb_heading][et_pb_text _builder_version=&#8221;4.27.4&#8243; _module_preset=&#8221;default&#8221; text_font=&#8221;Poppins||||||||&#8221; global_colors_info=&#8221;{}&#8221;]<\/p>\n<h1>Hotel Panamerican<\/h1>\n<p style=\"text-align: justify;\">En cumplimiento con lo dispuesto por la Ley Federal de Protecci\u00f3n de Datos Personales en Posesi\u00f3n de los Particulares (LFPDPPP), <strong>[Raz\u00f3n Social del Hotel]<\/strong> con domicilio en <strong>[Domicilio]<\/strong> y correo electr\u00f3nico de contacto <strong>[Correo electr\u00f3nico para el aviso de privacidad]<\/strong>, es responsable del tratamiento de sus datos personales.<\/p>\n<h2>1. Datos que se recaban:<\/h2>\n<p style=\"text-align: justify;\">Recabamos los siguientes datos personales de manera directa, a trav\u00e9s de formularios f\u00edsicos o electr\u00f3nicos, en nuestro sitio web www.hotelpanamerican.mx y en nuestras instalaciones:<\/p>\n<p>&#8211; Nombre completo<br \/>&#8211; Direcci\u00f3n<br \/>&#8211; Tel\u00e9fono<br \/>&#8211; Correo electr\u00f3nico<br \/>&#8211; Identificaci\u00f3n oficial (INE)<br \/>&#8211; Datos bancarios (para cobros, reservaciones y facturaci\u00f3n)<\/p>\n<p><strong>[Completar si falta informaci\u00f3n o eliminar de la lista, si no aplica]<\/strong><\/p>\n<h2>2. Finalidades del tratamiento:<\/h2>\n<p>Los datos personales recabados ser\u00e1n utilizados para las siguientes finalidades primarias:<br \/>&#8211; Procesar reservaciones y brindar el servicio de hospedaje<br \/>&#8211; Emitir facturaci\u00f3n correspondiente<br \/>&#8211; Establecer contacto con el titular para confirmar o modificar servicios<br \/>&#8211; Enviar promociones y ofertas (en caso de contar con su consentimiento)<\/p>\n<p><strong>[Completar si falta informaci\u00f3n o eliminar de la lista, si no aplica]<\/strong><\/p>\n<h2>3. Datos sensibles:<\/h2>\n<p style=\"text-align: justify;\"><strong>[En este apartado se debe informar sobre el tratamiento de datos sensibles como origen racial o \u00e9tnico, estado de salud presente y futuro, informaci\u00f3n gen\u00e9tica, creencias religiosas, filos\u00f3ficas y morales, afiliaci\u00f3n sindical, opiniones pol\u00edticas, preferencia sexual. Si es que aplica] <\/strong><\/p>\n<h2>4. Transferencia de datos:<\/h2>\n<p style=\"text-align: justify;\">Sus datos personales podr\u00e1n ser compartidos con terceros, exclusivamente para los fines descritos y bajo los t\u00e9rminos establecidos por la Ley:<\/p>\n<p style=\"text-align: justify;\">&#8211; Plataformas de reservaci\u00f3n en l\u00ednea<br \/>&#8211; Contadores externos y asesores fiscales<br \/>&#8211; Proveedores de software de gesti\u00f3n hotelera<\/p>\n<p style=\"text-align: justify;\"><strong>[Completar si falta informaci\u00f3n o eliminar de la lista, si no aplica]<\/strong><\/p>\n<p style=\"text-align: justify;\">Estos terceros est\u00e1n obligados a cumplir con las disposiciones de la presente pol\u00edtica de privacidad y a proteger sus datos conforme a la legislaci\u00f3n aplicable.<\/p>\n<h2 style=\"text-align: justify;\">5. Ejercicio de Derechos ARCO:<\/h2>\n<p style=\"text-align: justify;\">Usted tiene derecho a conocer qu\u00e9 datos personales tenemos sobre usted, para qu\u00e9 los utilizamos y las condiciones del uso que les damos (Acceso). Asimismo, es su derecho solicitar la correcci\u00f3n de su informaci\u00f3n personal en caso de que est\u00e9 desactualizada, sea inexacta o incompleta (Rectificaci\u00f3n); que la eliminemos de nuestros registros o bases de datos cuando considere que no est\u00e1 siendo utilizada adecuadamente (Cancelaci\u00f3n); as\u00ed como oponerse al uso de sus datos personales para fines espec\u00edficos (Oposici\u00f3n). Estos derechos se conocen como derechos ARCO.<\/p>\n<p style=\"text-align: justify;\">Para ejercer cualquiera de estos derechos, puede enviar una solicitud a trav\u00e9s del siguiente medio:<\/p>\n<p style=\"text-align: justify;\">Correo electr\u00f3nico: <strong>[Correo electr\u00f3nico para el aviso de privacidad]<\/strong><\/p>\n<p style=\"text-align: justify;\">Asunto del correo: Solicitud de ejercicio de derechos ARCO<\/p>\n<p style=\"text-align: justify;\">Contenido sugerido: Nombre completo, relaci\u00f3n con el hotel (hu\u00e9sped, visitante, proveedor, etc.), el derecho que desea ejercer, descripci\u00f3n breve y clara de su solicitud, y copia de una identificaci\u00f3n oficial vigente.<\/p>\n<p style=\"text-align: justify;\">En caso de requerirlo, el Hotel podr\u00e1 solicitar informaci\u00f3n adicional para confirmar la identidad del titular. La respuesta a su solicitud se dar\u00e1 en un plazo m\u00e1ximo de 20 d\u00edas h\u00e1biles, y se le informar\u00e1 sobre la procedencia de la misma conforme a la legislaci\u00f3n aplicable.<\/p>\n<h2 style=\"text-align: justify;\">6. Uso de medios electr\u00f3nicos y cookies:<\/h2>\n<p style=\"text-align: justify;\">Nuestro sitio web puede utilizar cookies y tecnolog\u00edas similares para mejorar la experiencia del usuario. Usted puede configurar su navegador para rechazar o eliminar dichas tecnolog\u00edas si as\u00ed lo desea.<\/p>\n<h2>7. Cambios al Aviso de Privacidad:<\/h2>\n<p style=\"text-align: justify;\">Este aviso de privacidad puede ser modificado en el futuro. Cualquier cambio ser\u00e1 comunicado a trav\u00e9s de nuestra p\u00e1gina web oficial: <span><a href=\"http:\/\/www.hotelpanamerican.mx\">www.hotelpanamerican.mx<\/a><\/span><\/p>\n<p>[\/et_pb_text][\/et_pb_column][\/et_pb_row][\/et_pb_section]<\/p>\n","protected":false},"excerpt":{"rendered":"<p>Hotel Panamerican En cumplimiento con lo dispuesto por la Ley Federal de Protecci\u00f3n de Datos Personales en Posesi\u00f3n de los Particulares (LFPDPPP), [Raz\u00f3n Social del Hotel] con domicilio en [Domicilio] y correo electr\u00f3nico de contacto [Correo electr\u00f3nico para el aviso de privacidad], es responsable del tratamiento de sus datos personales. 1. Datos que se recaban: [&hellip;]<\/p>\n","protected":false},"author":1,"featured_media":0,"parent":0,"menu_order":0,"comment_status":"closed","ping_status":"closed","template":"","meta":{"_et_pb_use_builder":"on","_et_pb_old_content":"","_et_gb_content_width":"","footnotes":""},"class_list":["post-3583","page","type-page","status-publish","hentry"],"_links":{"self":[{"href":"https:\/\/hotelpanamerican.mx\/es\/wp-json\/wp\/v2\/pages\/3583","targetHints":{"allow":["GET"]}}],"collection":[{"href":"https:\/\/hotelpanamerican.mx\/es\/wp-json\/wp\/v2\/pages"}],"about":[{"href":"https:\/\/hotelpanamerican.mx\/es\/wp-json\/wp\/v2\/types\/page"}],"author":[{"embeddable":true,"href":"https:\/\/hotelpanamerican.mx\/es\/wp-json\/wp\/v2\/users\/1"}],"replies":[{"embeddable":true,"href":"https:\/\/hotelpanamerican.mx\/es\/wp-json\/wp\/v2\/comments?post=3583"}],"version-history":[{"count":6,"href":"https:\/\/hotelpanamerican.mx\/es\/wp-json\/wp\/v2\/pages\/3583\/revisions"}],"predecessor-version":[{"id":3859,"href":"https:\/\/hotelpanamerican.mx\/es\/wp-json\/wp\/v2\/pages\/3583\/revisions\/3859"}],"wp:attachment":[{"href":"https:\/\/hotelpanamerican.mx\/es\/wp-json\/wp\/v2\/media?parent=3583"}],"curies":[{"name":"wp","href":"https:\/\/api.w.org\/{rel}","templated":true}]}}