{"id":102,"date":"2025-01-08T22:01:42","date_gmt":"2025-01-08T22:01:42","guid":{"rendered":"https:\/\/panamerican.arnom.com.mx\/?page_id=102"},"modified":"2025-10-25T05:23:40","modified_gmt":"2025-10-25T05:23:40","slug":"restaurante-2114","status":"publish","type":"page","link":"https:\/\/hotelpanamerican.mx\/es\/restaurante-2114\/","title":{"rendered":"Restaurante 21.14"},"content":{"rendered":"<p>[et_pb_section fb_built=&#8221;1&#8243; admin_label=&#8221;Header&#8221; _builder_version=&#8221;4.27.4&#8243; _module_preset=&#8221;default&#8221; background_color=&#8221;#66C1BF&#8221; custom_padding=&#8221;0px||0px||true|false&#8221; da_disable_devices=&#8221;off|off|off&#8221; collapsed=&#8221;off&#8221; global_colors_info=&#8221;{}&#8221; da_is_popup=&#8221;off&#8221; da_exit_intent=&#8221;off&#8221; da_has_close=&#8221;on&#8221; da_alt_close=&#8221;off&#8221; da_dark_close=&#8221;off&#8221; da_not_modal=&#8221;on&#8221; da_is_singular=&#8221;off&#8221; da_with_loader=&#8221;off&#8221; da_has_shadow=&#8221;on&#8221;][et_pb_row column_structure=&#8221;1_2,1_2&#8243; use_custom_gutter=&#8221;on&#8221; gutter_width=&#8221;1&#8243; make_equal=&#8221;on&#8221; _builder_version=&#8221;4.27.4&#8243; _module_preset=&#8221;default&#8221; background_enable_image=&#8221;off&#8221; width=&#8221;100%&#8221; max_width=&#8221;2000px&#8221; module_alignment=&#8221;center&#8221; max_height=&#8221;550px&#8221; custom_padding=&#8221;0px||0px||true|false&#8221; global_colors_info=&#8221;{}&#8221;][et_pb_column type=&#8221;1_2&#8243; _builder_version=&#8221;4.27.4&#8243; _module_preset=&#8221;default&#8221; background_color=&#8221;#66C1BF&#8221; background_enable_image=&#8221;off&#8221; background_blend=&#8221;multiply&#8221; custom_padding=&#8221;10%|5%|10%|5%|true|true&#8221; global_colors_info=&#8221;{}&#8221;][et_pb_image src=&#8221;https:\/\/hotelpanamerican.mx\/wp-content\/uploads\/restaurante-2114-logo-blanco.png&#8221; alt=&#8221;Logo blanco del Restaurante 21.14 %22El Sabor de Puebla%22&#8243; title_text=&#8221;restaurante-2114-logo-blanco&#8221; align=&#8221;center&#8221; _builder_version=&#8221;4.27.4&#8243; _module_preset=&#8221;default&#8221; width=&#8221;80%&#8221; width_tablet=&#8221;60%&#8221; width_phone=&#8221;&#8221; width_last_edited=&#8221;on|phone&#8221; module_alignment=&#8221;center&#8221; custom_margin=&#8221;||-4px|||&#8221; custom_padding=&#8221;0px||0px|||&#8221; animation_style=&#8221;slide&#8221; animation_direction=&#8221;bottom&#8221; global_colors_info=&#8221;{}&#8221;][\/et_pb_image][\/et_pb_column][et_pb_column type=&#8221;1_2&#8243; _builder_version=&#8221;4.27.4&#8243; _module_preset=&#8221;default&#8221; background_color=&#8221;#66C1BF&#8221; background_image=&#8221;https:\/\/hotelpanamerican.mx\/wp-content\/uploads\/desayuno-buffet.jpg&#8221; animation_style=&#8221;slide&#8221; animation_direction=&#8221;bottom&#8221; global_colors_info=&#8221;{}&#8221;][et_pb_divider show_divider=&#8221;off&#8221; _builder_version=&#8221;4.27.4&#8243; _module_preset=&#8221;default&#8221; height_tablet=&#8221;50vw&#8221; height_phone=&#8221;50vw&#8221; height_last_edited=&#8221;on|phone&#8221; global_colors_info=&#8221;{}&#8221;][\/et_pb_divider][\/et_pb_column][\/et_pb_row][\/et_pb_section][et_pb_section fb_built=&#8221;1&#8243; admin_label=&#8221;About&#8221; _builder_version=&#8221;4.25.1&#8243; _module_preset=&#8221;default&#8221; custom_margin=&#8221;13px|||||&#8221; custom_padding=&#8221;||22px|||&#8221; da_disable_devices=&#8221;off|off|off&#8221; collapsed=&#8221;off&#8221; global_colors_info=&#8221;{}&#8221; da_is_popup=&#8221;off&#8221; da_exit_intent=&#8221;off&#8221; da_has_close=&#8221;on&#8221; da_alt_close=&#8221;off&#8221; da_dark_close=&#8221;off&#8221; da_not_modal=&#8221;on&#8221; da_is_singular=&#8221;off&#8221; da_with_loader=&#8221;off&#8221; da_has_shadow=&#8221;on&#8221;][et_pb_row use_custom_gutter=&#8221;on&#8221; make_equal=&#8221;on&#8221; _builder_version=&#8221;4.27.4&#8243; _module_preset=&#8221;default&#8221; custom_margin=&#8221;-64px|auto||auto||&#8221; global_colors_info=&#8221;{}&#8221;][et_pb_column type=&#8221;4_4&#8243; _builder_version=&#8221;4.25.1&#8243; _module_preset=&#8221;default&#8221; global_colors_info=&#8221;{}&#8221;][et_pb_heading title=&#8221;Restaurante 21.14 %22El Sabor de Puebla%22&#8243; _builder_version=&#8221;4.27.4&#8243; _module_preset=&#8221;73319b83-d587-4c76-9349-98bcd34b5a2b&#8221; title_level=&#8221;h1&#8243; title_font=&#8221;Playfair Display|700|||||||&#8221; title_font_size=&#8221;37px&#8221; min_height=&#8221;89.6px&#8221; custom_margin=&#8221;||10px||false|false&#8221; custom_padding=&#8221;58px||29px|||&#8221; title_font_size_tablet=&#8221;28px&#8221; title_font_size_phone=&#8221;28px&#8221; title_font_size_last_edited=&#8221;on|tablet&#8221; global_colors_info=&#8221;{}&#8221;][\/et_pb_heading][et_pb_divider color=&#8221;#4565AD&#8221; divider_weight=&#8221;2px&#8221; _builder_version=&#8221;4.27.4&#8243; max_width=&#8221;60px&#8221; module_alignment=&#8221;left&#8221; height=&#8221;2px&#8221; locked=&#8221;off&#8221; global_colors_info=&#8221;{}&#8221;][\/et_pb_divider][et_pb_text _builder_version=&#8221;4.27.4&#8243; _module_preset=&#8221;a3df539e-21d4-4025-9ae2-eff6386ebec3&#8243; text_font=&#8221;Poppins||||||||&#8221; header_2_font=&#8221;Poppins||||||||&#8221; header_2_text_color=&#8221;#707070&#8243; header_2_font_size=&#8221;20px&#8221; header_2_letter_spacing=&#8221;1px&#8221; header_2_line_height=&#8221;1.6em&#8221; header_6_font=&#8221;Poppins|700||on|||||&#8221; header_2_font_size_tablet=&#8221;18px&#8221; header_2_font_size_phone=&#8221;18px&#8221; header_2_font_size_last_edited=&#8221;on|desktop&#8221; global_colors_info=&#8221;{}&#8221;]<\/p>\n<h2 style=\"text-align: justify;\">En <em>21.14<\/em> rendimos homenaje a la aut\u00e9ntica cocina poblana con desayunos, comidas y cenas llenos de tradici\u00f3n y sabor. Cada platillo est\u00e1 preparado con dedicaci\u00f3n para ofrecerte una experiencia \u00fanica que celebra lo mejor de la gastronom\u00eda mexicana.<\/h2>\n<p>[\/et_pb_text][\/et_pb_column][\/et_pb_row][et_pb_row column_structure=&#8221;1_3,1_3,1_3&#8243; use_custom_gutter=&#8221;on&#8221; gutter_width=&#8221;2&#8243; _builder_version=&#8221;4.17.6&#8243; _module_preset=&#8221;default&#8221; custom_padding=&#8221;||51px|||&#8221; locked=&#8221;off&#8221; global_colors_info=&#8221;{}&#8221;][et_pb_column type=&#8221;1_3&#8243; _builder_version=&#8221;4.17.6&#8243; _module_preset=&#8221;default&#8221; global_colors_info=&#8221;{}&#8221;][et_pb_image src=&#8221;https:\/\/hotelpanamerican.mx\/wp-content\/uploads\/fruta.jpg&#8221; alt=&#8221;Fruta y arroz con leche del buffet del Restaurante 21.14 %22El Sabor de Puebla%22&#8243; title_text=&#8221;fruta&#8221; align=&#8221;center&#8221; _builder_version=&#8221;4.27.4&#8243; _module_preset=&#8221;default&#8221; custom_margin=&#8221;||30px||false|false&#8221; animation_style=&#8221;slide&#8221; animation_direction=&#8221;bottom&#8221; global_colors_info=&#8221;{}&#8221;][\/et_pb_image][et_pb_image src=&#8221;https:\/\/hotelpanamerican.mx\/wp-content\/uploads\/pizza.jpg&#8221; alt=&#8221;Deliciosa pizza elaborada por el Restaurante 21.14&#8243; title_text=&#8221;pizza&#8221; align=&#8221;center&#8221; _builder_version=&#8221;4.27.4&#8243; _module_preset=&#8221;default&#8221; animation_style=&#8221;slide&#8221; animation_direction=&#8221;bottom&#8221; global_colors_info=&#8221;{}&#8221;][\/et_pb_image][\/et_pb_column][et_pb_column type=&#8221;1_3&#8243; _builder_version=&#8221;4.17.6&#8243; _module_preset=&#8221;default&#8221; global_colors_info=&#8221;{}&#8221;][et_pb_image src=&#8221;https:\/\/hotelpanamerican.mx\/wp-content\/uploads\/huevos-panamerican.jpg&#8221; alt=&#8221;Huevos Panamerican ba\u00f1ados con mole poblano&#8221; title_text=&#8221;huevos-panamerican&#8221; align=&#8221;center&#8221; _builder_version=&#8221;4.27.4&#8243; _module_preset=&#8221;default&#8221; custom_margin=&#8221;||30px||false|false&#8221; animation_style=&#8221;slide&#8221; animation_direction=&#8221;bottom&#8221; locked=&#8221;off&#8221; global_colors_info=&#8221;{}&#8221;][\/et_pb_image][et_pb_image src=&#8221;https:\/\/hotelpanamerican.mx\/wp-content\/uploads\/gelatinas.jpg&#8221; alt=&#8221;Gelatinas del desayuno buffet del Restaurante 21.14 %22El sabor de Puebla%22&#8243; title_text=&#8221;gelatinas&#8221; align=&#8221;center&#8221; _builder_version=&#8221;4.27.4&#8243; _module_preset=&#8221;default&#8221; animation_style=&#8221;slide&#8221; animation_direction=&#8221;bottom&#8221; locked=&#8221;off&#8221; global_colors_info=&#8221;{}&#8221;][\/et_pb_image][\/et_pb_column][et_pb_column type=&#8221;1_3&#8243; _builder_version=&#8221;4.17.6&#8243; _module_preset=&#8221;default&#8221; global_colors_info=&#8221;{}&#8221;][et_pb_image src=&#8221;https:\/\/hotelpanamerican.mx\/wp-content\/uploads\/buffet.jpg&#8221; alt=&#8221;Ricos guisos del desayuno buffet del Restaurante 21.14&#8243; title_text=&#8221;buffet&#8221; align=&#8221;center&#8221; _builder_version=&#8221;4.27.4&#8243; _module_preset=&#8221;default&#8221; custom_margin=&#8221;||30px||false|false&#8221; animation_style=&#8221;slide&#8221; animation_direction=&#8221;bottom&#8221; locked=&#8221;off&#8221; global_colors_info=&#8221;{}&#8221;][\/et_pb_image][et_pb_image src=&#8221;https:\/\/hotelpanamerican.mx\/wp-content\/uploads\/pastel.jpg&#8221; alt=&#8221;Exquisito pastel de vainilla del Restaurante 21.14 %22El Sabor de Puebla%22&#8243; title_text=&#8221;pastel&#8221; align=&#8221;center&#8221; _builder_version=&#8221;4.27.4&#8243; _module_preset=&#8221;default&#8221; animation_style=&#8221;slide&#8221; animation_direction=&#8221;bottom&#8221; locked=&#8221;off&#8221; global_colors_info=&#8221;{}&#8221;][\/et_pb_image][\/et_pb_column][\/et_pb_row][\/et_pb_section][et_pb_section fb_built=&#8221;1&#8243; admin_label=&#8221;Amenities&#8221; _builder_version=&#8221;4.16&#8243; background_color=&#8221;#ffffff&#8221; max_width=&#8221;90%&#8221; max_width_tablet=&#8221;&#8221; max_width_phone=&#8221;100%&#8221; max_width_last_edited=&#8221;on|phone&#8221; custom_margin=&#8221;-5px|||||&#8221; da_disable_devices=&#8221;off|off|off&#8221; border_color_all=&#8221;#ffffff&#8221; border_width_left=&#8221;10vw&#8221; locked=&#8221;off&#8221; global_colors_info=&#8221;{}&#8221; da_is_popup=&#8221;off&#8221; da_exit_intent=&#8221;off&#8221; da_has_close=&#8221;on&#8221; da_alt_close=&#8221;off&#8221; da_dark_close=&#8221;off&#8221; da_not_modal=&#8221;on&#8221; da_is_singular=&#8221;off&#8221; da_with_loader=&#8221;off&#8221; da_has_shadow=&#8221;on&#8221;][et_pb_row column_structure=&#8221;1_2,1_2&#8243; use_custom_gutter=&#8221;on&#8221; make_equal=&#8221;on&#8221; _builder_version=&#8221;4.27.4&#8243; width=&#8221;100%&#8221; module_alignment=&#8221;center&#8221; custom_margin=&#8221;-52px|auto||auto||&#8221; custom_padding=&#8221;54px||59px|||&#8221; custom_css_main_element=&#8221;||&#8221; border_color_all=&#8221;#f5f5f5&#8243; border_width_top=&#8221;2px&#8221; border_width_bottom=&#8221;2px&#8221; locked=&#8221;off&#8221; global_colors_info=&#8221;{}&#8221; custom_css_main_element_last_edited=&#8221;on|phone&#8221; custom_css_main_element_tablet=&#8221;display: flex;||flex-wrap: wrap;||&#8221; custom_css_main_element_phone=&#8221;display: flex;||flex-wrap: wrap;||&#8221;][et_pb_column type=&#8221;1_2&#8243; _builder_version=&#8221;4.27.4&#8243; _module_preset=&#8221;default&#8221; global_colors_info=&#8221;{}&#8221; custom_css_main_element_last_edited=&#8221;on|phone&#8221; custom_css_main_element_tablet=&#8221;order: 2;&#8221; custom_css_main_element_phone=&#8221;order: 2;&#8221;][et_pb_image src=&#8221;https:\/\/hotelpanamerican.mx\/wp-content\/uploads\/entrada-restaurante-2114-1.jpg&#8221; alt=&#8221;Entrada al restaurante 2114 %22El sabor de Puebla%22&#8243; title_text=&#8221;entrada-restaurante-2114&#8243; show_in_lightbox=&#8221;on&#8221; align=&#8221;center&#8221; src_tablet=&#8221;https:\/\/hotelpanamerican.mx\/wp-content\/uploads\/entrada-restaurante-2114-1.jpg&#8221; src_phone=&#8221;https:\/\/hotelpanamerican.mx\/wp-content\/uploads\/entrada-restaurante-2114-1.jpg&#8221; src_last_edited=&#8221;on|tablet&#8221; align_tablet=&#8221;center&#8221; align_phone=&#8221;left&#8221; align_last_edited=&#8221;on|phone&#8221; _builder_version=&#8221;4.27.4&#8243; _module_preset=&#8221;default&#8221; width=&#8221;100%&#8221; width_tablet=&#8221;100%&#8221; width_phone=&#8221;100%&#8221; width_last_edited=&#8221;on|phone&#8221; module_alignment=&#8221;center&#8221; custom_padding=&#8221;|||0px||&#8221; animation_style=&#8221;slide&#8221; animation_direction=&#8221;bottom&#8221; global_colors_info=&#8221;{}&#8221; custom_css_main_element_last_edited=&#8221;on|tablet&#8221; custom_css_main_element_tablet=&#8221;order: 9;&#8221; custom_css_main_element_phone=&#8221;order: 9;&#8221;][\/et_pb_image][\/et_pb_column][et_pb_column type=&#8221;1_2&#8243; _builder_version=&#8221;4.27.4&#8243; custom_padding=&#8221;|||&#8221; global_colors_info=&#8221;{}&#8221; custom_padding__hover=&#8221;|||&#8221; custom_css_main_element_last_edited=&#8221;on|phone&#8221; custom_css_main_element_tablet=&#8221;order: 1;&#8221; custom_css_main_element_phone=&#8221;order: 1;&#8221;][et_pb_blurb title=&#8221;Horario de Atenci\u00f3n &#8221; _builder_version=&#8221;4.27.4&#8243; _module_preset=&#8221;default&#8221; header_level=&#8221;h3&#8243; header_font=&#8221;Playfair Display|700|||||||&#8221; header_text_color=&#8221;#333333&#8243; header_font_size=&#8221;22px&#8221; header_letter_spacing=&#8221;1px&#8221; body_font=&#8221;Poppins||||||||&#8221; body_text_color=&#8221;#707070&#8243; body_font_size=&#8221;18px&#8221; body_letter_spacing=&#8221;1px&#8221; custom_margin=&#8221;-1px|||||&#8221; body_font_size_tablet=&#8221;16px&#8221; body_font_size_phone=&#8221;16px&#8221; body_font_size_last_edited=&#8221;on|phone&#8221; global_colors_info=&#8221;{}&#8221; custom_css_main_element_last_edited=&#8221;on|phone&#8221; custom_css_main_element_tablet=&#8221;order: 1;&#8221; custom_css_main_element_phone=&#8221;order: 1;&#8221;]<\/p>\n<p>Lunes a Viernes de 7:30 a 21:30 hrs<\/p>\n<p>S\u00e1bados de 8:00 a 21:30 hrs.<\/p>\n<p>Domingos de 8:00 a 14:30 hrs.<\/p>\n<p>[\/et_pb_blurb][et_pb_divider color=&#8221;#4565AD&#8221; divider_weight=&#8221;2px&#8221; _builder_version=&#8221;4.27.4&#8243; max_width=&#8221;60px&#8221; module_alignment=&#8221;left&#8221; height=&#8221;2px&#8221; locked=&#8221;off&#8221; global_colors_info=&#8221;{}&#8221; custom_css_main_element_last_edited=&#8221;on|phone&#8221; custom_css_main_element_tablet=&#8221;order: 2;&#8221; custom_css_main_element_phone=&#8221;order: 2;&#8221;][\/et_pb_divider][et_pb_blurb title=&#8221;Llamanos&#8221; _builder_version=&#8221;4.27.4&#8243; _module_preset=&#8221;default&#8221; header_level=&#8221;h3&#8243; header_font=&#8221;Playfair Display|700|||||||&#8221; header_font_size=&#8221;22px&#8221; header_letter_spacing=&#8221;1px&#8221; body_font=&#8221;Poppins||||||||&#8221; body_text_color=&#8221;#707070&#8243; body_font_size=&#8221;18px&#8221; body_letter_spacing=&#8221;1px&#8221; body_font_size_tablet=&#8221;16px&#8221; body_font_size_phone=&#8221;16px&#8221; body_font_size_last_edited=&#8221;on|desktop&#8221; locked=&#8221;off&#8221; global_colors_info=&#8221;{}&#8221; custom_css_main_element_last_edited=&#8221;on|phone&#8221; custom_css_main_element_tablet=&#8221;order: 3;&#8221; custom_css_main_element_phone=&#8221;order: 3;&#8221;]<\/p>\n<h4><span style=\"color: #707070;\">+52 (222) 248 5466 ext. 6011<\/span><\/h4>\n<p>[\/et_pb_blurb][et_pb_divider color=&#8221;#4565AD&#8221; divider_weight=&#8221;2px&#8221; _builder_version=&#8221;4.27.4&#8243; max_width=&#8221;60px&#8221; module_alignment=&#8221;left&#8221; height=&#8221;2px&#8221; locked=&#8221;off&#8221; global_colors_info=&#8221;{}&#8221; custom_css_main_element_last_edited=&#8221;on|phone&#8221; custom_css_main_element_tablet=&#8221;order: 4;&#8221; custom_css_main_element_phone=&#8221;order: 4;&#8221;][\/et_pb_divider][et_pb_blurb title=&#8221;Visitanos&#8221; _builder_version=&#8221;4.27.4&#8243; _module_preset=&#8221;default&#8221; header_level=&#8221;h3&#8243; header_font=&#8221;Playfair Display|700|||||||&#8221; header_font_size=&#8221;22px&#8221; header_letter_spacing=&#8221;1px&#8221; body_font=&#8221;Poppins||||||||&#8221; body_text_color=&#8221;#707070&#8243; body_font_size=&#8221;18px&#8221; body_letter_spacing=&#8221;1px&#8221; body_font_size_tablet=&#8221;16px&#8221; body_font_size_phone=&#8221;16px&#8221; body_font_size_last_edited=&#8221;on|phone&#8221; locked=&#8221;off&#8221; global_colors_info=&#8221;{}&#8221; custom_css_main_element_last_edited=&#8221;on|tablet&#8221; custom_css_main_element_tablet=&#8221;order: 5;&#8221; custom_css_main_element_phone=&#8221;order: 5;&#8221;]<\/p>\n<h4><span style=\"color: #707070;\">Avenida Reforma No. 2114, Colonia Centro, C.P. 72090, Puebla, Pue.<\/span><\/h4>\n<p>[\/et_pb_blurb][et_pb_divider color=&#8221;#4565AD&#8221; divider_weight=&#8221;2px&#8221; _builder_version=&#8221;4.27.4&#8243; max_width=&#8221;60px&#8221; module_alignment=&#8221;left&#8221; height=&#8221;2px&#8221; locked=&#8221;off&#8221; global_colors_info=&#8221;{}&#8221; custom_css_main_element_last_edited=&#8221;on|tablet&#8221; custom_css_main_element_tablet=&#8221;order: 6;&#8221; custom_css_main_element_phone=&#8221;order: 6;&#8221;][\/et_pb_divider][\/et_pb_column][\/et_pb_row][\/et_pb_section][et_pb_section fb_built=&#8221;1&#8243; admin_label=&#8221;Testimonials&#8221; _builder_version=&#8221;4.25.1&#8243; _module_preset=&#8221;default&#8221; custom_margin=&#8221;-43px|||||&#8221; custom_padding=&#8221;60px|||||&#8221; da_disable_devices=&#8221;off|off|off&#8221; collapsed=&#8221;on&#8221; global_colors_info=&#8221;{}&#8221; da_is_popup=&#8221;off&#8221; da_exit_intent=&#8221;off&#8221; da_has_close=&#8221;on&#8221; da_alt_close=&#8221;off&#8221; da_dark_close=&#8221;off&#8221; da_not_modal=&#8221;on&#8221; da_is_singular=&#8221;off&#8221; da_with_loader=&#8221;off&#8221; da_has_shadow=&#8221;on&#8221;][et_pb_row _builder_version=&#8221;4.27.4&#8243; _module_preset=&#8221;default&#8221; custom_padding=&#8221;0px|||||&#8221; global_colors_info=&#8221;{}&#8221;][et_pb_column type=&#8221;4_4&#8243; _builder_version=&#8221;4.27.4&#8243; _module_preset=&#8221;default&#8221; global_colors_info=&#8221;{}&#8221;][ba_flipbox front_media_type=&#8221;image&#8221; front_img=&#8221;https:\/\/hotelpanamerican.mx\/wp-content\/uploads\/imagotipo-panamerican-hotel.png&#8221; front_title=&#8221;Desayuno Buffet&#8221; front_description=&#8221;S\u00e1bados y Domingos de 8 a 12 horas&#8221; back_media_type=&#8221;none&#8221; back_subtitle=&#8221;Disfruta nuestro delicioso buffet, con variedad de platillos para todos los gustos.&#8221; animation_type=&#8221;slide&#8221; front_padding=&#8221;0px|0px|0px|0px&#8221; back_padding=&#8221;0px|0px|0px|0px&#8221; front_img_height=&#8221;120px&#8221; front_img_width=&#8221;120px&#8221; back_img_height=&#8221;120px&#8221; back_img_width=&#8221;120px&#8221; back_bg_color=&#8221;RGBA(255,255,255,0)&#8221; back_bg_image=&#8221;https:\/\/hotelpanamerican.mx\/wp-content\/uploads\/el-sabor-de-puebla.jpg&#8221; front_bg_color=&#8221;#ffffff&#8221; front_desc_spacing=&#8221;10px&#8221; back_desc_spacing=&#8221;10px&#8221; _builder_version=&#8221;4.27.4&#8243; _module_preset=&#8221;default&#8221; front_title_font=&#8221;Poppins||||||||&#8221; front_title_font_size=&#8221;1.5rem&#8221; front_description_font=&#8221;Poppins||||||||&#8221; front_description_font_size=&#8221;1rem&#8221; back_title_font=&#8221;Poppins|500|||||||&#8221; back_title_text_color=&#8221;#ffffff&#8221; back_title_font_size=&#8221;1.8rem&#8221; back_title_letter_spacing=&#8221;1px&#8221; back_title_line_height=&#8221;1.6em&#8221; back_description_text_color=&#8221;#ffffff&#8221; back_description_font_size=&#8221;1rem&#8221; back_subtitle_font=&#8221;Poppins|500|||||||&#8221; back_subtitle_text_color=&#8221;#FEFEFE&#8221; back_subtitle_font_size=&#8221;1.8rem&#8221; back_subtitle_letter_spacing=&#8221;1px&#8221; back_subtitle_line_height=&#8221;1.6em&#8221; background_color=&#8221;RGBA(255,255,255,0)&#8221; background_enable_image=&#8221;off&#8221; back_title_font_size_tablet=&#8221;1.2rem&#8221; back_title_font_size_phone=&#8221;1.2rem&#8221; back_title_font_size_last_edited=&#8221;on|phone&#8221; back_subtitle_font_size_tablet=&#8221;1.2rem&#8221; back_subtitle_font_size_phone=&#8221;1.2rem&#8221; back_subtitle_font_size_last_edited=&#8221;on|desktop&#8221; back_subtitle_letter_spacing_last_edited=&#8221;off|phone&#8221; back_title_text_shadow_style=&#8221;preset1&#8243; back_title_text_shadow_horizontal_length=&#8221;0.01em&#8221; back_title_text_shadow_color=&#8221;#4565AD&#8221; back_subtitle_text_shadow_style=&#8221;preset1&#8243; back_subtitle_text_shadow_horizontal_length=&#8221;0.01em&#8221; back_subtitle_text_shadow_color=&#8221;#4565AD&#8221; border_radii_card=&#8221;on|9px|9px|9px|9px&#8221; border_width_all_card=&#8221;1px&#8221; border_color_all_card=&#8221;#3979ff&#8221; border_radii_front_media=&#8221;on|100px|100px|100px|100px&#8221; border_radii_back_media=&#8221;on|100px|100px|100px|100px&#8221; global_colors_info=&#8221;{}&#8221;][\/ba_flipbox][ba_flipbox front_media_type=&#8221;image&#8221; front_img=&#8221;https:\/\/hotelpanamerican.mx\/wp-content\/uploads\/imagotipo-panamerican-hotel.png&#8221; front_title=&#8221;Men\u00fa a la Carta: Desayuno, Comida y Cena&#8221; front_description=&#8221;Todos los d\u00edas de la semana.&#8221; back_media_type=&#8221;none&#8221; back_subtitle=&#8221;Contamos  con diferentes platillos llenos de tradici\u00f3n y sabor.&#8221; animation_type=&#8221;slide&#8221; front_padding=&#8221;0px|0px|0px|0px&#8221; back_padding=&#8221;0px|0px|0px|0px&#8221; front_img_height=&#8221;120px&#8221; front_img_width=&#8221;120px&#8221; back_img_height=&#8221;120px&#8221; back_img_width=&#8221;120px&#8221; back_bg_color=&#8221;#3979ff&#8221; back_bg_image=&#8221;https:\/\/hotelpanamerican.mx\/wp-content\/uploads\/menu-a-la-carta.jpg&#8221; front_bg_color=&#8221;#ffffff&#8221; front_desc_spacing=&#8221;10px&#8221; back_desc_spacing=&#8221;10px&#8221; _builder_version=&#8221;4.27.4&#8243; _module_preset=&#8221;default&#8221; front_title_font=&#8221;Poppins||||||||&#8221; front_title_font_size=&#8221;1.5rem&#8221; front_description_font=&#8221;Poppins||||||||&#8221; front_description_font_size=&#8221;1rem&#8221; back_title_font=&#8221;Poppins|500|||||||&#8221; back_title_text_color=&#8221;#ffffff&#8221; back_title_font_size=&#8221;1.8rem&#8221; back_title_letter_spacing=&#8221;1px&#8221; back_title_line_height=&#8221;1.6em&#8221; back_description_text_color=&#8221;#ffffff&#8221; back_description_font_size=&#8221;1rem&#8221; back_subtitle_font=&#8221;Poppins|500|||||||&#8221; back_subtitle_text_color=&#8221;#FEFEFE&#8221; back_subtitle_font_size=&#8221;1.8rem&#8221; back_subtitle_letter_spacing=&#8221;1px&#8221; back_subtitle_line_height=&#8221;1.6em&#8221; background_color=&#8221;RGBA(255,255,255,0)&#8221; background_enable_image=&#8221;off&#8221; back_title_font_size_tablet=&#8221;1.2rem&#8221; back_title_font_size_phone=&#8221;1.2rem&#8221; back_title_font_size_last_edited=&#8221;on|phone&#8221; back_subtitle_font_size_tablet=&#8221;1.2rem&#8221; back_subtitle_font_size_phone=&#8221;1.2rem&#8221; back_subtitle_font_size_last_edited=&#8221;on|phone&#8221; back_title_text_shadow_style=&#8221;preset1&#8243; back_title_text_shadow_horizontal_length=&#8221;0.01em&#8221; back_title_text_shadow_vertical_length=&#8221;0.11em&#8221; back_title_text_shadow_blur_strength=&#8221;0.11em&#8221; back_title_text_shadow_color=&#8221;#4565AD&#8221; back_subtitle_text_shadow_style=&#8221;preset1&#8243; back_subtitle_text_shadow_horizontal_length=&#8221;0.01em&#8221; back_subtitle_text_shadow_color=&#8221;#4565AD&#8221; border_radii_card=&#8221;on|9px|9px|9px|9px&#8221; border_width_all_card=&#8221;1px&#8221; border_color_all_card=&#8221;#3979ff&#8221; border_radii_front_media=&#8221;on|100px|100px|100px|100px&#8221; border_radii_back_media=&#8221;on|100px|100px|100px|100px&#8221; locked=&#8221;off&#8221; global_colors_info=&#8221;{}&#8221;][\/ba_flipbox][\/et_pb_column][\/et_pb_row][\/et_pb_section][et_pb_section fb_built=&#8221;1&#8243; admin_label=&#8221;Footer&#8221; _builder_version=&#8221;4.25.1&#8243; _module_preset=&#8221;default&#8221; custom_padding=&#8221;20px||0px|||&#8221; da_disable_devices=&#8221;off|off|off&#8221; saved_tabs=&#8221;all&#8221; collapsed=&#8221;on&#8221; global_colors_info=&#8221;{}&#8221; da_is_popup=&#8221;off&#8221; da_exit_intent=&#8221;off&#8221; da_has_close=&#8221;on&#8221; da_alt_close=&#8221;off&#8221; da_dark_close=&#8221;off&#8221; da_not_modal=&#8221;on&#8221; da_is_singular=&#8221;off&#8221; da_with_loader=&#8221;off&#8221; da_has_shadow=&#8221;on&#8221;][et_pb_row _builder_version=&#8221;4.25.1&#8243; _module_preset=&#8221;default&#8221; custom_padding=&#8221;||93px|||&#8221; global_colors_info=&#8221;{}&#8221;][et_pb_column type=&#8221;4_4&#8243; _builder_version=&#8221;4.25.1&#8243; _module_preset=&#8221;default&#8221; global_colors_info=&#8221;{}&#8221;][et_pb_image src=&#8221;https:\/\/hotelpanamerican.mx\/wp-content\/uploads\/restaurante-2114-logo-gris.png&#8221; alt=&#8221;Logotipo en color gris del Restaurante 21.14 %22El Sabor de Puebla%22&#8243; title_text=&#8221;restaurante-2114-logo-gris&#8221; align=&#8221;center&#8221; _builder_version=&#8221;4.27.4&#8243; _module_preset=&#8221;default&#8221; animation_style=&#8221;slide&#8221; animation_direction=&#8221;bottom&#8221; global_colors_info=&#8221;{}&#8221;][\/et_pb_image][\/et_pb_column][\/et_pb_row][\/et_pb_section]<\/p>\n","protected":false},"excerpt":{"rendered":"<p>En 21.14 rendimos homenaje a la aut\u00e9ntica cocina poblana con desayunos, comidas y cenas llenos de tradici\u00f3n y sabor. Cada platillo est\u00e1 preparado con dedicaci\u00f3n para ofrecerte una experiencia \u00fanica que celebra lo mejor de la gastronom\u00eda mexicana.Lunes a Viernes de 7:30 a 21:30 hrs S\u00e1bados de 8:00 a 21:30 hrs. Domingos de 8:00 a [&hellip;]<\/p>\n","protected":false},"author":1,"featured_media":0,"parent":0,"menu_order":0,"comment_status":"closed","ping_status":"closed","template":"","meta":{"_et_pb_use_builder":"on","_et_pb_old_content":"","_et_gb_content_width":"","footnotes":""},"class_list":["post-102","page","type-page","status-publish","hentry"],"_links":{"self":[{"href":"https:\/\/hotelpanamerican.mx\/es\/wp-json\/wp\/v2\/pages\/102","targetHints":{"allow":["GET"]}}],"collection":[{"href":"https:\/\/hotelpanamerican.mx\/es\/wp-json\/wp\/v2\/pages"}],"about":[{"href":"https:\/\/hotelpanamerican.mx\/es\/wp-json\/wp\/v2\/types\/page"}],"author":[{"embeddable":true,"href":"https:\/\/hotelpanamerican.mx\/es\/wp-json\/wp\/v2\/users\/1"}],"replies":[{"embeddable":true,"href":"https:\/\/hotelpanamerican.mx\/es\/wp-json\/wp\/v2\/comments?post=102"}],"version-history":[{"count":149,"href":"https:\/\/hotelpanamerican.mx\/es\/wp-json\/wp\/v2\/pages\/102\/revisions"}],"predecessor-version":[{"id":3836,"href":"https:\/\/hotelpanamerican.mx\/es\/wp-json\/wp\/v2\/pages\/102\/revisions\/3836"}],"wp:attachment":[{"href":"https:\/\/hotelpanamerican.mx\/es\/wp-json\/wp\/v2\/media?parent=102"}],"curies":[{"name":"wp","href":"https:\/\/api.w.org\/{rel}","templated":true}]}}